{"id":179,"date":"2019-12-26T22:27:05","date_gmt":"2019-12-26T21:27:05","guid":{"rendered":"https:\/\/www.andremalo.be\/blog\/?page_id=179"},"modified":"2023-05-27T15:41:25","modified_gmt":"2023-05-27T13:41:25","slug":"ce-site","status":"publish","type":"page","link":"https:\/\/www.andremalo.be\/blog\/ce-site\/","title":{"rendered":"Ce site &#8230;"},"content":{"rendered":"\n<figure class=\"wp-block-image size-large\"><img decoding=\"async\" loading=\"lazy\" width=\"161\" height=\"205\" src=\"https:\/\/www.andremalo.be\/blog\/wp-content\/uploads\/2019\/12\/andremalo.jpg\" alt=\"\" class=\"wp-image-180\"\/><\/figure>\n\n\n\n<p>est mon site personnel. <\/p>\n\n\n\n<p>Je suis professeur pensionn\u00e9 de math\u00e9matiques et d&rsquo;informatique. <\/p>\n\n\n\n<p>Mes centres d&rsquo;int\u00e9r\u00eats vont dans deux directions :<\/p>\n\n\n\n<ul><li>les math\u00e9matiques et les sciences, en particulier la physique et l&rsquo;informatique,<\/li><li>les philosophies et les sciences humaines, en particulier l&rsquo;anthropologie et la psychanalyse,<\/li><\/ul>\n\n\n\n<p>&#8230; et les relations que ces domaines entretiennent entre eux.<\/p>\n","protected":false},"excerpt":{"rendered":"<p>est mon site personnel. Je suis professeur pensionn\u00e9 de math\u00e9matiques et d&rsquo;informatique. Mes centres d&rsquo;int\u00e9r\u00eats vont dans deux directions : les math\u00e9matiques et les sciences, en particulier la physique et l&rsquo;informatique, les philosophies et les sciences humaines, en particulier l&rsquo;anthropologie et la psychanalyse, &#8230; et les relations que ces domaines entretiennent entre eux.<\/p>\n","protected":false},"author":1,"featured_media":0,"parent":0,"menu_order":0,"comment_status":"closed","ping_status":"closed","template":"","meta":{"_coblocks_attr":"","_coblocks_dimensions":"","_coblocks_responsive_height":"","_coblocks_accordion_ie_support":""},"_links":{"self":[{"href":"https:\/\/www.andremalo.be\/blog\/wp-json\/wp\/v2\/pages\/179"}],"collection":[{"href":"https:\/\/www.andremalo.be\/blog\/wp-json\/wp\/v2\/pages"}],"about":[{"href":"https:\/\/www.andremalo.be\/blog\/wp-json\/wp\/v2\/types\/page"}],"author":[{"embeddable":true,"href":"https:\/\/www.andremalo.be\/blog\/wp-json\/wp\/v2\/users\/1"}],"replies":[{"embeddable":true,"href":"https:\/\/www.andremalo.be\/blog\/wp-json\/wp\/v2\/comments?post=179"}],"version-history":[{"count":2,"href":"https:\/\/www.andremalo.be\/blog\/wp-json\/wp\/v2\/pages\/179\/revisions"}],"predecessor-version":[{"id":183,"href":"https:\/\/www.andremalo.be\/blog\/wp-json\/wp\/v2\/pages\/179\/revisions\/183"}],"wp:attachment":[{"href":"https:\/\/www.andremalo.be\/blog\/wp-json\/wp\/v2\/media?parent=179"}],"curies":[{"name":"wp","href":"https:\/\/api.w.org\/{rel}","templated":true}]}}